{"id":602,"date":"2024-10-22T18:16:46","date_gmt":"2024-10-22T18:16:46","guid":{"rendered":"https:\/\/cosmosinfo.ca\/?post_type=product&#038;p=602"},"modified":"2024-12-03T14:19:41","modified_gmt":"2024-12-03T14:19:41","slug":"tuque","status":"publish","type":"product","link":"https:\/\/cosmosinfo.ca\/index.php\/produit\/tuque\/","title":{"rendered":"Tuque"},"content":{"rendered":"<p><strong>Explorez l&rsquo;univers fascinant des tuques Cosmos Info. <\/strong>Avec un design unique appos\u00e9 sur le devant, chaque tuque refl\u00e8te votre style et votre originalit\u00e9. Fabriqu\u00e9es en tricot 100 % acrylique, ces bonnets d\u2019hiver unisexes offrent chaleur et confort tout en s&rsquo;adaptant parfaitement gr\u00e2ce \u00e0 leur taille unique (petit &#8211; large). Disponibles en plusieurs couleurs, ces tuques allient \u00e9l\u00e9gance et personnalit\u00e9 pour un look moderne et intemporel. Livr\u00e9es rapidement, elles sont id\u00e9ales pour affirmer votre identit\u00e9 avec un accessoire \u00e0 la fois fonctionnel et styl\u00e9. <strong>Exprimez vos id\u00e9es et votre personnalit\u00e9 avec nos tuques personnalis\u00e9es, et portez vos convictions tout en restant au chaud !<\/strong><\/p>\n","protected":false},"excerpt":{"rendered":"<ul>\n<li>100 % acrylique.<\/li>\n<li>Tricot\u00e9 pour un maximum de chaleur et de confort<\/li>\n<li>Taille unique (convient aux tailles petit \u00e0 large)<\/li>\n<li>Patch coll\u00e9e par transfert de chaleur en vinyle imitation cuir\u00a0 de 5 cm par 7 cm<\/li>\n<li>Gravure au laser pour un design personnalis\u00e9<\/li>\n<li>Choisissez :\n<ul>\n<li>La couleur de la tuque<\/li>\n<li>La couleur de la patch<\/li>\n<li>Le design grav\u00e9 au laser<\/li>\n<\/ul>\n<\/li>\n<li>Livraison rapide<\/li>\n<\/ul>\n<p>&nbsp;<\/p>\n","protected":false},"featured_media":581,"template":"","meta":[],"product_brand":[],"product_cat":[22],"product_tag":[],"class_list":{"0":"post-602","1":"product","2":"type-product","3":"status-publish","4":"has-post-thumbnail","6":"product_cat-accessoires","7":"product_shipping_class-livraisonreguliere","9":"first","10":"instock","11":"taxable","12":"shipping-taxable","13":"purchasable","14":"product-type-variable"},"aioseo_notices":[],"_links":{"self":[{"href":"https:\/\/cosmosinfo.ca\/index.php\/wp-json\/wp\/v2\/product\/602","targetHints":{"allow":["GET"]}}],"collection":[{"href":"https:\/\/cosmosinfo.ca\/index.php\/wp-json\/wp\/v2\/product"}],"about":[{"href":"https:\/\/cosmosinfo.ca\/index.php\/wp-json\/wp\/v2\/types\/product"}],"wp:featuredmedia":[{"embeddable":true,"href":"https:\/\/cosmosinfo.ca\/index.php\/wp-json\/wp\/v2\/media\/581"}],"wp:attachment":[{"href":"https:\/\/cosmosinfo.ca\/index.php\/wp-json\/wp\/v2\/media?parent=602"}],"wp:term":[{"taxonomy":"product_brand","embeddable":true,"href":"https:\/\/cosmosinfo.ca\/index.php\/wp-json\/wp\/v2\/product_brand?post=602"},{"taxonomy":"product_cat","embeddable":true,"href":"https:\/\/cosmosinfo.ca\/index.php\/wp-json\/wp\/v2\/product_cat?post=602"},{"taxonomy":"product_tag","embeddable":true,"href":"https:\/\/cosmosinfo.ca\/index.php\/wp-json\/wp\/v2\/product_tag?post=602"}],"curies":[{"name":"wp","href":"https:\/\/api.w.org\/{rel}","templated":true}]}}