{"id":577,"date":"2024-10-22T18:05:05","date_gmt":"2024-10-22T18:05:05","guid":{"rendered":"https:\/\/cosmosinfo.ca\/?post_type=product&#038;p=577"},"modified":"2024-10-22T21:31:00","modified_gmt":"2024-10-22T21:31:00","slug":"casquette","status":"publish","type":"product","link":"https:\/\/cosmosinfo.ca\/index.php\/produit\/casquette\/","title":{"rendered":"Casquette"},"content":{"rendered":"<p>D\u00e9couvrez l&rsquo;univers fascinant des casquettes Cosmos Info. Avec un design personnalis\u00e9 coll\u00e9 sur le devant, chaque casquette est un symbole de singularit\u00e9, refl\u00e9tant les go\u00fbts et les convictions de ceux qui osent se d\u00e9marquer. Fabriqu\u00e9es \u00e0 100 % en polyester, ces casquettes de baseball unisexes allient confort et durabilit\u00e9, adapt\u00e9es \u00e0 tous gr\u00e2ce \u00e0 leur taille ajustable avec velcro (M\u00e9dium &#8211; XXL). Disponibles en diff\u00e9rentes couleurs et livr\u00e9es rapidement, elles sont parfaites pour exprimer votre identit\u00e9 tout en gardant un look moderne. <strong>Exprimez vos id\u00e9es et votre style avec nos casquettes personnalis\u00e9es, et portez votre passion fi\u00e8rement !<\/strong><\/p>\n","protected":false},"excerpt":{"rendered":"<ul>\n<li>100 % polyester pour un confort et une durabilit\u00e9 optimale.<\/li>\n<li>Taille ajustable avec velcro (M\u00e9dium &#8211; XXLarge).<\/li>\n<li>Patch coll\u00e9e par transfert de chaleur en vinyle imitation cuir de 5 cm par 7 cm.<\/li>\n<li>Gravure au laser pour un design personnalis\u00e9 et pr\u00e9cis.<\/li>\n<li>Choisissez :\n<ul>\n<li>La couleur de la casquette<\/li>\n<li>La couleur de la patch<\/li>\n<li>Le design grav\u00e9 au laser<\/li>\n<\/ul>\n<\/li>\n<li>Livraison rapide.<\/li>\n<\/ul>\n<p>&nbsp;<\/p>\n","protected":false},"featured_media":634,"template":"","meta":[],"product_brand":[],"product_cat":[22],"product_tag":[],"class_list":{"0":"post-577","1":"product","2":"type-product","3":"status-publish","4":"has-post-thumbnail","6":"product_cat-accessoires","7":"product_shipping_class-livraisonreguliere","9":"first","10":"instock","11":"taxable","12":"shipping-taxable","13":"purchasable","14":"product-type-variable"},"aioseo_notices":[],"_links":{"self":[{"href":"https:\/\/cosmosinfo.ca\/index.php\/wp-json\/wp\/v2\/product\/577","targetHints":{"allow":["GET"]}}],"collection":[{"href":"https:\/\/cosmosinfo.ca\/index.php\/wp-json\/wp\/v2\/product"}],"about":[{"href":"https:\/\/cosmosinfo.ca\/index.php\/wp-json\/wp\/v2\/types\/product"}],"wp:featuredmedia":[{"embeddable":true,"href":"https:\/\/cosmosinfo.ca\/index.php\/wp-json\/wp\/v2\/media\/634"}],"wp:attachment":[{"href":"https:\/\/cosmosinfo.ca\/index.php\/wp-json\/wp\/v2\/media?parent=577"}],"wp:term":[{"taxonomy":"product_brand","embeddable":true,"href":"https:\/\/cosmosinfo.ca\/index.php\/wp-json\/wp\/v2\/product_brand?post=577"},{"taxonomy":"product_cat","embeddable":true,"href":"https:\/\/cosmosinfo.ca\/index.php\/wp-json\/wp\/v2\/product_cat?post=577"},{"taxonomy":"product_tag","embeddable":true,"href":"https:\/\/cosmosinfo.ca\/index.php\/wp-json\/wp\/v2\/product_tag?post=577"}],"curies":[{"name":"wp","href":"https:\/\/api.w.org\/{rel}","templated":true}]}}