{"id":26,"date":"2024-02-08T21:50:54","date_gmt":"2024-02-08T21:50:54","guid":{"rendered":"https:\/\/cosmosinfo.ca\/?post_type=product&#038;p=26"},"modified":"2024-02-26T23:05:34","modified_gmt":"2024-02-26T23:05:34","slug":"parfum-eve","status":"publish","type":"product","link":"https:\/\/cosmosinfo.ca\/index.php\/produit\/parfum-eve\/","title":{"rendered":"\u00c8ve"},"content":{"rendered":"<p class=\"p1\">Explorez les univers myst\u00e9rieux de nos fragrances, con\u00e7ues pour ceux qui scrutent les ombres et explorent les secrets. Avec leurs notes envo\u00fbtantes et intrigantes, elles incarnent la r\u00e9v\u00e9lation pour ceux qui voient au-del\u00e0 des apparences. Osez plonger dans les myst\u00e8res cach\u00e9s avec ces cr\u00e9ations olfactives qui stimulent les sens et \u00e9veillent l&rsquo;esprit.<\/p>\n","protected":false},"excerpt":{"rendered":"<h4>Parfum et Eau de parfum 10ml<\/h4>\n<p>Dans le jardin \u00e9ternel des essences rares, un parfum s&rsquo;\u00e9veille, m\u00e9lodie l\u00e9gendaire, inspir\u00e9 par l&rsquo;arch\u00e9type de la premi\u00e8re femme, Eve, la muse enchanteresse de cette trame.<\/p>\n<p>Dans son sillage, la douceur d&rsquo;une pomme m\u00fbre, embrasse l&rsquo;air de son \u00e9treinte pure. Les p\u00e9tales de rose dansent avec subtilit\u00e9, entrelac\u00e9es aux effluves de f\u00e9licit\u00e9.<\/p>\n","protected":false},"featured_media":293,"template":"","meta":[],"product_brand":[],"product_cat":[19],"product_tag":[],"class_list":{"0":"post-26","1":"product","2":"type-product","3":"status-publish","4":"has-post-thumbnail","6":"product_cat-parfums","8":"first","9":"instock","10":"taxable","11":"shipping-taxable","12":"purchasable","13":"product-type-variable"},"aioseo_notices":[],"_links":{"self":[{"href":"https:\/\/cosmosinfo.ca\/index.php\/wp-json\/wp\/v2\/product\/26","targetHints":{"allow":["GET"]}}],"collection":[{"href":"https:\/\/cosmosinfo.ca\/index.php\/wp-json\/wp\/v2\/product"}],"about":[{"href":"https:\/\/cosmosinfo.ca\/index.php\/wp-json\/wp\/v2\/types\/product"}],"wp:featuredmedia":[{"embeddable":true,"href":"https:\/\/cosmosinfo.ca\/index.php\/wp-json\/wp\/v2\/media\/293"}],"wp:attachment":[{"href":"https:\/\/cosmosinfo.ca\/index.php\/wp-json\/wp\/v2\/media?parent=26"}],"wp:term":[{"taxonomy":"product_brand","embeddable":true,"href":"https:\/\/cosmosinfo.ca\/index.php\/wp-json\/wp\/v2\/product_brand?post=26"},{"taxonomy":"product_cat","embeddable":true,"href":"https:\/\/cosmosinfo.ca\/index.php\/wp-json\/wp\/v2\/product_cat?post=26"},{"taxonomy":"product_tag","embeddable":true,"href":"https:\/\/cosmosinfo.ca\/index.php\/wp-json\/wp\/v2\/product_tag?post=26"}],"curies":[{"name":"wp","href":"https:\/\/api.w.org\/{rel}","templated":true}]}}